{"id":2100,"date":"2025-04-29T12:27:20","date_gmt":"2025-04-29T12:27:20","guid":{"rendered":"https:\/\/emhd-bauservice.de\/?page_id=2100"},"modified":"2025-05-22T09:03:44","modified_gmt":"2025-05-22T09:03:44","slug":"erdbau","status":"publish","type":"page","link":"https:\/\/emhd-bauservice.de\/en\/erdbau","title":{"rendered":"Erdbau"},"content":{"rendered":"<div data-elementor-type=\"wp-page\" data-elementor-id=\"2100\" class=\"elementor elementor-2100\" data-elementor-post-type=\"page\">\n\t\t\t\t<div class=\"elementor-element elementor-element-5e48c62f e-con-full e-flex e-con e-parent\" data-id=\"5e48c62f\" data-element_type=\"container\" data-e-type=\"container\" data-settings=\"{&quot;background_background&quot;:&quot;classic&quot;}\">\n\t\t\t\t<div class=\"elementor-element elementor-element-18f1e27 elementor-widget__width-inherit elementor-widget elementor-widget-heading\" data-id=\"18f1e27\" data-element_type=\"widget\" data-e-type=\"widget\" data-widget_type=\"heading.default\">\n\t\t\t\t<div class=\"elementor-widget-container\">\n\t\t\t\t\t<h2 class=\"elementor-heading-title elementor-size-default\">EMHD e.K.<\/h2>\t\t\t\t<\/div>\n\t\t\t\t<\/div>\n\t\t\t\t<div class=\"elementor-element elementor-element-23f49db elementor-widget__width-inherit elementor-widget elementor-widget-heading\" data-id=\"23f49db\" data-element_type=\"widget\" data-e-type=\"widget\" data-widget_type=\"heading.default\">\n\t\t\t\t<div class=\"elementor-widget-container\">\n\t\t\t\t\t<h2 class=\"elementor-heading-title elementor-size-default\">Ihr Partner f\u00fcr Erdbau\n<\/h2>\t\t\t\t<\/div>\n\t\t\t\t<\/div>\n\t\t\t\t<\/div>\n\t\t<div class=\"elementor-element elementor-element-00e21d9 e-con-full e-flex e-con e-parent\" data-id=\"00e21d9\" data-element_type=\"container\" data-e-type=\"container\" data-settings=\"{&quot;background_background&quot;:&quot;classic&quot;}\">\n\t\t<div class=\"elementor-element elementor-element-e9dbed2 e-con-full e-flex elementor-invisible e-con e-child\" data-id=\"e9dbed2\" data-element_type=\"container\" data-e-type=\"container\" data-settings=\"{&quot;animation&quot;:&quot;fadeInRight&quot;}\">\n\t\t\t\t<div class=\"elementor-element elementor-element-0e2e4dc elementor-widget__width-inherit elementor-widget elementor-widget-heading\" data-id=\"0e2e4dc\" data-element_type=\"widget\" data-e-type=\"widget\" data-widget_type=\"heading.default\">\n\t\t\t\t<div class=\"elementor-widget-container\">\n\t\t\t\t\t<h1 class=\"elementor-heading-title elementor-size-default\">Professionelle Erdarbeiten und Baugruben f\u00fcr Einfamilienh\u00e4user, Mehrfamilienh\u00e4user und mehr \u2013 zuverl\u00e4ssig und kompetent!<\/h1>\t\t\t\t<\/div>\n\t\t\t\t<\/div>\n\t\t\t\t<div class=\"elementor-element elementor-element-05d4f5c elementor-widget__width-inherit elementor-widget elementor-widget-text-editor\" data-id=\"05d4f5c\" data-element_type=\"widget\" data-e-type=\"widget\" data-widget_type=\"text-editor.default\">\n\t\t\t\t<div class=\"elementor-widget-container\">\n\t\t\t\t\t<p>Ben\u00f6tigen Sie Unterst\u00fctzung bei Bauprojekten, Erdarbeiten oder anderen Lohnarbeiten? Wir bieten Ihnen eine breite Palette an Baggerdienstleistungen mit modernster Technik und erfahrenen, geschulten Fahrern.<\/p><p>Unser Fuhrpark umfasst:<\/p><ul><li>Bagger und Mobilbagger<\/li><li>Radlader und Dumper<\/li><li>Raupen, Walzen und weitere Spezialmaschinen<\/li><\/ul><p>Egal, ob gro\u00dfe oder kleine Projekte \u2013 wir liefern schnelle, pr\u00e4zise und zuverl\u00e4ssige L\u00f6sungen. Vertrauen Sie auf unsere moderne Ausr\u00fcstung und das Know-how unserer Experten, um Ihre Bauvorhaben effizient und erfolgreich umzusetzen.<\/p><p>Kontaktieren Sie uns noch heute \u2013 wir freuen uns auf Ihre Anfrage!<\/p>\t\t\t\t<\/div>\n\t\t\t\t<\/div>\n\t\t\t\t<\/div>\n\t\t\t\t<div class=\"elementor-element elementor-element-e50f71d elementor-widget__width-initial elementor-widget-tablet__width-inherit elementor-widget elementor-widget-image\" data-id=\"e50f71d\" data-element_type=\"widget\" data-e-type=\"widget\" data-widget_type=\"image.default\">\n\t\t\t\t<div class=\"elementor-widget-container\">\n\t\t\t\t\t<img fetchpriority=\"high\" decoding=\"async\" width=\"800\" height=\"666\" src=\"https:\/\/emhd-bauservice.de\/wp-content\/uploads\/IMG_4250_min-1024x852.jpg\" class=\"attachment-large size-large wp-image-2228\" alt=\"\" srcset=\"https:\/\/emhd-bauservice.de\/wp-content\/uploads\/IMG_4250_min-1024x852.jpg 1024w, https:\/\/emhd-bauservice.de\/wp-content\/uploads\/IMG_4250_min-300x250.jpg 300w, https:\/\/emhd-bauservice.de\/wp-content\/uploads\/IMG_4250_min-768x639.jpg 768w, https:\/\/emhd-bauservice.de\/wp-content\/uploads\/IMG_4250_min-1536x1278.jpg 1536w, https:\/\/emhd-bauservice.de\/wp-content\/uploads\/IMG_4250_min-14x12.jpg 14w, https:\/\/emhd-bauservice.de\/wp-content\/uploads\/IMG_4250_min.jpg 1590w\" sizes=\"(max-width: 800px) 100vw, 800px\" \/>\t\t\t\t<\/div>\n\t\t\t\t<\/div>\n\t\t\t\t<\/div>\n\t\t<div class=\"elementor-element elementor-element-4e7b0ac1 e-flex e-con-boxed e-con e-parent\" data-id=\"4e7b0ac1\" data-element_type=\"container\" data-e-type=\"container\" data-settings=\"{&quot;background_background&quot;:&quot;classic&quot;}\">\n\t\t\t\t\t<div class=\"e-con-inner\">\n\t\t\t\t<div class=\"elementor-element elementor-element-40228f90 elementor-widget__width-inherit elementor-invisible elementor-widget elementor-widget-heading\" data-id=\"40228f90\" data-element_type=\"widget\" data-e-type=\"widget\" data-settings=\"{&quot;_animation&quot;:&quot;fadeIn&quot;}\" data-widget_type=\"heading.default\">\n\t\t\t\t<div class=\"elementor-widget-container\">\n\t\t\t\t\t<h3 class=\"elementor-heading-title elementor-size-default\">Haben wir Ihr Interesse geweckt?<\/h3>\t\t\t\t<\/div>\n\t\t\t\t<\/div>\n\t\t\t\t<div class=\"elementor-element elementor-element-70cf5652 elementor-widget__width-inherit elementor-invisible elementor-widget elementor-widget-text-editor\" data-id=\"70cf5652\" data-element_type=\"widget\" data-e-type=\"widget\" data-settings=\"{&quot;_animation&quot;:&quot;fadeIn&quot;}\" data-widget_type=\"text-editor.default\">\n\t\t\t\t<div class=\"elementor-widget-container\">\n\t\t\t\t\t<p>Dann rufen Sie uns an oder nutzen Sie das Kontaktformular. Wir freuen uns auf Ihre Anfrage.<\/p>\t\t\t\t<\/div>\n\t\t\t\t<\/div>\n\t\t\t\t<div class=\"elementor-element elementor-element-7f65588f elementor-align-center elementor-widget__width-initial elementor-widget-tablet__width-initial elementor-widget-mobile__width-inherit elementor-invisible elementor-widget elementor-widget-button\" data-id=\"7f65588f\" data-element_type=\"widget\" data-e-type=\"widget\" data-settings=\"{&quot;_animation&quot;:&quot;fadeIn&quot;,&quot;_animation_delay&quot;:300}\" data-widget_type=\"button.default\">\n\t\t\t\t<div class=\"elementor-widget-container\">\n\t\t\t\t\t<div class=\"elementor-button-wrapper\">\n\t\t\t\t\t<a class=\"elementor-button elementor-button-link elementor-size-sm\" href=\"\/kontakt\">\n\t\t\t\t\t\t<span class=\"elementor-button-content-wrapper\">\n\t\t\t\t\t\t<span class=\"elementor-button-icon\">\n\t\t\t\t<i aria-hidden=\"true\" class=\"fas fa-pencil-alt\"><\/i>\t\t\t<\/span>\n\t\t\t\t\t\t\t\t\t<span class=\"elementor-button-text\">Jetzt kontaktieren<\/span>\n\t\t\t\t\t<\/span>\n\t\t\t\t\t<\/a>\n\t\t\t\t<\/div>\t\t\t\t<\/div>\n\t\t\t\t<\/div>\n\t\t\t\t<div class=\"elementor-element elementor-element-11abc947 elementor-align-center elementor-widget__width-initial elementor-widget-tablet__width-initial elementor-widget-mobile__width-inherit elementor-invisible elementor-widget elementor-widget-button\" data-id=\"11abc947\" data-element_type=\"widget\" data-e-type=\"widget\" data-settings=\"{&quot;_animation&quot;:&quot;fadeIn&quot;,&quot;_animation_delay&quot;:300}\" data-widget_type=\"button.default\">\n\t\t\t\t<div class=\"elementor-widget-container\">\n\t\t\t\t\t<div class=\"elementor-button-wrapper\">\n\t\t\t\t\t<a class=\"elementor-button elementor-button-link elementor-size-sm\" href=\"tel:+4917621726502\">\n\t\t\t\t\t\t<span class=\"elementor-button-content-wrapper\">\n\t\t\t\t\t\t<span class=\"elementor-button-icon\">\n\t\t\t\t<i aria-hidden=\"true\" class=\"fas fa-phone-alt\"><\/i>\t\t\t<\/span>\n\t\t\t\t\t\t\t\t\t<span class=\"elementor-button-text\">Jetzt anrufen<\/span>\n\t\t\t\t\t<\/span>\n\t\t\t\t\t<\/a>\n\t\t\t\t<\/div>\t\t\t\t<\/div>\n\t\t\t\t<\/div>\n\t\t\t\t\t<\/div>\n\t\t\t\t<\/div>\n\t\t\t\t<\/div>","protected":false},"excerpt":{"rendered":"<p>EMHD e.K. Ihr Partner f\u00fcr Erdbau Professionelle Erdarbeiten und Baugruben f\u00fcr Einfamilienh\u00e4user, Mehrfamilienh\u00e4user und mehr \u2013 zuverl\u00e4ssig und kompetent! Ben\u00f6tigen Sie Unterst\u00fctzung bei Bauprojekten, Erdarbeiten oder anderen Lohnarbeiten? Wir bieten Ihnen eine breite Palette an Baggerdienstleistungen mit modernster Technik und erfahrenen, geschulten Fahrern. Unser Fuhrpark umfasst: Bagger und Mobilbagger Radlader und Dumper Raupen, Walzen und [&hellip;]<\/p>\n","protected":false},"author":1,"featured_media":0,"parent":0,"menu_order":0,"comment_status":"closed","ping_status":"closed","template":"","meta":{"footnotes":""},"class_list":["post-2100","page","type-page","status-publish","hentry"],"yoast_head":"<!-- This site is optimized with the Yoast SEO plugin v27.3 - https:\/\/yoast.com\/product\/yoast-seo-wordpress\/ -->\n<title>Erdbau - EMHD e.K.<\/title>\n<meta name=\"description\" content=\"Unser Unternehmen bietet professionelle Leistungen im Bereich Garten- und Landschaftsbau an. Kontaktieren Sie uns!\" \/>\n<meta name=\"robots\" content=\"index, follow, max-snippet:-1, max-image-preview:large, max-video-preview:-1\" \/>\n<link rel=\"canonical\" href=\"https:\/\/emhd-bauservice.de\/en\/erdbau\/\" \/>\n<meta property=\"og:locale\" content=\"en_GB\" \/>\n<meta property=\"og:type\" content=\"article\" \/>\n<meta property=\"og:title\" content=\"Erdbau - EMHD e.K.\" \/>\n<meta property=\"og:description\" content=\"Unser Unternehmen bietet professionelle Leistungen im Bereich Garten- und Landschaftsbau an. Kontaktieren Sie uns!\" \/>\n<meta property=\"og:url\" content=\"https:\/\/emhd-bauservice.de\/en\/erdbau\/\" \/>\n<meta property=\"og:site_name\" content=\"EMHD e.K.\" \/>\n<meta property=\"article:modified_time\" content=\"2025-05-22T09:03:44+00:00\" \/>\n<meta property=\"og:image\" content=\"https:\/\/emhd-bauservice.de\/wp-content\/uploads\/IMG_4250_min.jpg\" \/>\n\t<meta property=\"og:image:width\" content=\"1590\" \/>\n\t<meta property=\"og:image:height\" content=\"1323\" \/>\n\t<meta property=\"og:image:type\" content=\"image\/jpeg\" \/>\n<meta name=\"twitter:card\" content=\"summary_large_image\" \/>\n<meta name=\"twitter:label1\" content=\"Estimated reading time\" \/>\n\t<meta name=\"twitter:data1\" content=\"1 minute\" \/>\n<script type=\"application\/ld+json\" class=\"yoast-schema-graph\">{\"@context\":\"https:\\\/\\\/schema.org\",\"@graph\":[{\"@type\":\"WebPage\",\"@id\":\"https:\\\/\\\/emhd-bauservice.de\\\/erdbau\",\"url\":\"https:\\\/\\\/emhd-bauservice.de\\\/erdbau\",\"name\":\"Erdbau - EMHD e.K.\",\"isPartOf\":{\"@id\":\"https:\\\/\\\/emhd-bauservice.de\\\/#website\"},\"primaryImageOfPage\":{\"@id\":\"https:\\\/\\\/emhd-bauservice.de\\\/erdbau#primaryimage\"},\"image\":{\"@id\":\"https:\\\/\\\/emhd-bauservice.de\\\/erdbau#primaryimage\"},\"thumbnailUrl\":\"https:\\\/\\\/emhd-bauservice.de\\\/wp-content\\\/uploads\\\/IMG_4250_min-1024x852.jpg\",\"datePublished\":\"2025-04-29T12:27:20+00:00\",\"dateModified\":\"2025-05-22T09:03:44+00:00\",\"description\":\"Unser Unternehmen bietet professionelle Leistungen im Bereich Garten- und Landschaftsbau an. Kontaktieren Sie uns!\",\"breadcrumb\":{\"@id\":\"https:\\\/\\\/emhd-bauservice.de\\\/erdbau#breadcrumb\"},\"inLanguage\":\"en-GB\",\"potentialAction\":[{\"@type\":\"ReadAction\",\"target\":[\"https:\\\/\\\/emhd-bauservice.de\\\/erdbau\"]}]},{\"@type\":\"ImageObject\",\"inLanguage\":\"en-GB\",\"@id\":\"https:\\\/\\\/emhd-bauservice.de\\\/erdbau#primaryimage\",\"url\":\"https:\\\/\\\/emhd-bauservice.de\\\/wp-content\\\/uploads\\\/IMG_4250_min-1024x852.jpg\",\"contentUrl\":\"https:\\\/\\\/emhd-bauservice.de\\\/wp-content\\\/uploads\\\/IMG_4250_min-1024x852.jpg\"},{\"@type\":\"BreadcrumbList\",\"@id\":\"https:\\\/\\\/emhd-bauservice.de\\\/erdbau#breadcrumb\",\"itemListElement\":[{\"@type\":\"ListItem\",\"position\":1,\"name\":\"Startseite\",\"item\":\"https:\\\/\\\/emhd-bauservice.de\\\/\"},{\"@type\":\"ListItem\",\"position\":2,\"name\":\"Erdbau\"}]},{\"@type\":\"WebSite\",\"@id\":\"https:\\\/\\\/emhd-bauservice.de\\\/#website\",\"url\":\"https:\\\/\\\/emhd-bauservice.de\\\/\",\"name\":\"EMHD e.K.\",\"description\":\"aus Sonnenberg-Winnenberg\",\"publisher\":{\"@id\":\"https:\\\/\\\/emhd-bauservice.de\\\/#organization\"},\"potentialAction\":[{\"@type\":\"SearchAction\",\"target\":{\"@type\":\"EntryPoint\",\"urlTemplate\":\"https:\\\/\\\/emhd-bauservice.de\\\/?s={search_term_string}\"},\"query-input\":{\"@type\":\"PropertyValueSpecification\",\"valueRequired\":true,\"valueName\":\"search_term_string\"}}],\"inLanguage\":\"en-GB\"},{\"@type\":\"Organization\",\"@id\":\"https:\\\/\\\/emhd-bauservice.de\\\/#organization\",\"name\":\"EMHD e.K.\",\"url\":\"https:\\\/\\\/emhd-bauservice.de\\\/\",\"logo\":{\"@type\":\"ImageObject\",\"inLanguage\":\"en-GB\",\"@id\":\"https:\\\/\\\/emhd-bauservice.de\\\/#\\\/schema\\\/logo\\\/image\\\/\",\"url\":\"https:\\\/\\\/emhd-bauservice.de\\\/wp-content\\\/uploads\\\/50182890_o_-photoshop.png\",\"contentUrl\":\"https:\\\/\\\/emhd-bauservice.de\\\/wp-content\\\/uploads\\\/50182890_o_-photoshop.png\",\"width\":1028,\"height\":755,\"caption\":\"EMHD e.K.\"},\"image\":{\"@id\":\"https:\\\/\\\/emhd-bauservice.de\\\/#\\\/schema\\\/logo\\\/image\\\/\"}}]}<\/script>\n<!-- \/ Yoast SEO plugin. -->","yoast_head_json":{"title":"Erdbau - EMHD e.K.","description":"Unser Unternehmen bietet professionelle Leistungen im Bereich Garten- und Landschaftsbau an. Kontaktieren Sie uns!","robots":{"index":"index","follow":"follow","max-snippet":"max-snippet:-1","max-image-preview":"max-image-preview:large","max-video-preview":"max-video-preview:-1"},"canonical":"https:\/\/emhd-bauservice.de\/en\/erdbau\/","og_locale":"en_GB","og_type":"article","og_title":"Erdbau - EMHD e.K.","og_description":"Unser Unternehmen bietet professionelle Leistungen im Bereich Garten- und Landschaftsbau an. Kontaktieren Sie uns!","og_url":"https:\/\/emhd-bauservice.de\/en\/erdbau\/","og_site_name":"EMHD e.K.","article_modified_time":"2025-05-22T09:03:44+00:00","og_image":[{"width":1590,"height":1323,"url":"https:\/\/emhd-bauservice.de\/wp-content\/uploads\/IMG_4250_min.jpg","type":"image\/jpeg"}],"twitter_card":"summary_large_image","twitter_misc":{"Estimated reading time":"1 minute"},"schema":{"@context":"https:\/\/schema.org","@graph":[{"@type":"WebPage","@id":"https:\/\/emhd-bauservice.de\/erdbau","url":"https:\/\/emhd-bauservice.de\/erdbau","name":"Erdbau - EMHD e.K.","isPartOf":{"@id":"https:\/\/emhd-bauservice.de\/#website"},"primaryImageOfPage":{"@id":"https:\/\/emhd-bauservice.de\/erdbau#primaryimage"},"image":{"@id":"https:\/\/emhd-bauservice.de\/erdbau#primaryimage"},"thumbnailUrl":"https:\/\/emhd-bauservice.de\/wp-content\/uploads\/IMG_4250_min-1024x852.jpg","datePublished":"2025-04-29T12:27:20+00:00","dateModified":"2025-05-22T09:03:44+00:00","description":"Unser Unternehmen bietet professionelle Leistungen im Bereich Garten- und Landschaftsbau an. Kontaktieren Sie uns!","breadcrumb":{"@id":"https:\/\/emhd-bauservice.de\/erdbau#breadcrumb"},"inLanguage":"en-GB","potentialAction":[{"@type":"ReadAction","target":["https:\/\/emhd-bauservice.de\/erdbau"]}]},{"@type":"ImageObject","inLanguage":"en-GB","@id":"https:\/\/emhd-bauservice.de\/erdbau#primaryimage","url":"https:\/\/emhd-bauservice.de\/wp-content\/uploads\/IMG_4250_min-1024x852.jpg","contentUrl":"https:\/\/emhd-bauservice.de\/wp-content\/uploads\/IMG_4250_min-1024x852.jpg"},{"@type":"BreadcrumbList","@id":"https:\/\/emhd-bauservice.de\/erdbau#breadcrumb","itemListElement":[{"@type":"ListItem","position":1,"name":"Startseite","item":"https:\/\/emhd-bauservice.de\/"},{"@type":"ListItem","position":2,"name":"Erdbau"}]},{"@type":"WebSite","@id":"https:\/\/emhd-bauservice.de\/#website","url":"https:\/\/emhd-bauservice.de\/","name":"EMHD e.K.","description":"aus Sonnenberg-Winnenberg","publisher":{"@id":"https:\/\/emhd-bauservice.de\/#organization"},"potentialAction":[{"@type":"SearchAction","target":{"@type":"EntryPoint","urlTemplate":"https:\/\/emhd-bauservice.de\/?s={search_term_string}"},"query-input":{"@type":"PropertyValueSpecification","valueRequired":true,"valueName":"search_term_string"}}],"inLanguage":"en-GB"},{"@type":"Organization","@id":"https:\/\/emhd-bauservice.de\/#organization","name":"EMHD e.K.","url":"https:\/\/emhd-bauservice.de\/","logo":{"@type":"ImageObject","inLanguage":"en-GB","@id":"https:\/\/emhd-bauservice.de\/#\/schema\/logo\/image\/","url":"https:\/\/emhd-bauservice.de\/wp-content\/uploads\/50182890_o_-photoshop.png","contentUrl":"https:\/\/emhd-bauservice.de\/wp-content\/uploads\/50182890_o_-photoshop.png","width":1028,"height":755,"caption":"EMHD e.K."},"image":{"@id":"https:\/\/emhd-bauservice.de\/#\/schema\/logo\/image\/"}}]}},"_links":{"self":[{"href":"https:\/\/emhd-bauservice.de\/en\/wp-json\/wp\/v2\/pages\/2100","targetHints":{"allow":["GET"]}}],"collection":[{"href":"https:\/\/emhd-bauservice.de\/en\/wp-json\/wp\/v2\/pages"}],"about":[{"href":"https:\/\/emhd-bauservice.de\/en\/wp-json\/wp\/v2\/types\/page"}],"author":[{"embeddable":true,"href":"https:\/\/emhd-bauservice.de\/en\/wp-json\/wp\/v2\/users\/1"}],"replies":[{"embeddable":true,"href":"https:\/\/emhd-bauservice.de\/en\/wp-json\/wp\/v2\/comments?post=2100"}],"version-history":[{"count":44,"href":"https:\/\/emhd-bauservice.de\/en\/wp-json\/wp\/v2\/pages\/2100\/revisions"}],"predecessor-version":[{"id":2463,"href":"https:\/\/emhd-bauservice.de\/en\/wp-json\/wp\/v2\/pages\/2100\/revisions\/2463"}],"wp:attachment":[{"href":"https:\/\/emhd-bauservice.de\/en\/wp-json\/wp\/v2\/media?parent=2100"}],"curies":[{"name":"wp","href":"https:\/\/api.w.org\/{rel}","templated":true}]}}